{"id":552,"date":"2018-02-21T11:16:33","date_gmt":"2018-02-21T11:16:33","guid":{"rendered":"http:\/\/blog.bosgroeplochem.nl\/?page_id=552"},"modified":"2026-04-15T17:07:34","modified_gmt":"2026-04-15T15:07:34","slug":"financiele-zaken","status":"publish","type":"page","link":"http:\/\/blog.bosgroeplochem.nl\/?page_id=552","title":{"rendered":"Financi\u00eble zaken &#8230;"},"content":{"rendered":"","protected":true},"excerpt":{"rendered":"","protected":true},"author":1,"featured_media":0,"parent":0,"menu_order":0,"comment_status":"closed","ping_status":"closed","template":"","meta":{"jetpack_post_was_ever_published":false,"footnotes":""},"class_list":["post-552","page","type-page","status-publish","post-password-required","hentry"],"jetpack_sharing_enabled":true,"jetpack_shortlink":"https:\/\/wp.me\/P9fHHr-8U","jetpack_likes_enabled":true,"jetpack-related-posts":[{"id":1604,"url":"http:\/\/blog.bosgroeplochem.nl\/?page_id=1604","url_meta":{"origin":552,"position":0},"title":"Hardlooproute zoeken","author":"BosgroepLochem","date":"17 april 2020","format":false,"excerpt":"Een overzicht van alle georganiseerde hardloopwedstrijden, kun je op de onderstaande link vinden. Je kunt hier eventueel zelf een route aanmelden\/maken \u00a0 \u00a0 \u00a0","rel":"","context":"Soortgelijk bericht","block_context":{"text":"Soortgelijk bericht","link":""},"img":{"alt_text":"","src":"","width":0,"height":0},"classes":[]},{"id":937,"url":"http:\/\/blog.bosgroeplochem.nl\/?page_id=937","url_meta":{"origin":552,"position":1},"title":"Zo ga je om met een lopersknie","author":"BosgroepLochem","date":"4 november 2018","format":false,"excerpt":"Zo ga je om met een lopersknie De lopersknie blijft een van de meest voorkomende blessures. Vandaar deze opties voor een reeks makkelijke remedies. Dit keer eens een krachttraining die je lekker liggend kunt uitvoeren om goed om te gaan met een lopersknie. Wil je echt werken aan het genezen\u2026","rel":"","context":"Soortgelijk bericht","block_context":{"text":"Soortgelijk bericht","link":""},"img":{"alt_text":"","src":"https:\/\/i0.wp.com\/hips.hearstapps.com\/hmg-prod.s3.amazonaws.com\/images\/knie-1540301692.jpg?resize=350%2C200&ssl=1","width":350,"height":200},"classes":[]},{"id":497,"url":"http:\/\/blog.bosgroeplochem.nl\/?page_id=497","url_meta":{"origin":552,"position":2},"title":"Nieuwsbrief BosgroepLochem","author":"BosgroepLochem","date":"1 oktober 2022","format":false,"excerpt":"\u00a0 De weergave van de nieuwsbrief op deze locatie is komen te vervallen. De losse berichten verschijnen immers apart op datum op het blog en kun je lezen door in de rechter kolom onder RECENTE BERICHTEN op \u00e9\u00e9n van de individuele berichten te klikken \u00f3f door er \u00e9\u00e9n te zoeken.\u2026","rel":"","context":"Soortgelijk bericht","block_context":{"text":"Soortgelijk bericht","link":""},"img":{"alt_text":"","src":"https:\/\/external-content.duckduckgo.com\/iu\/?u=https%3A%2F%2Fimg.freepik.com%2Fpremium-vector%2Fcartoon-hand-wijzende-vinger-in-een-vorm-van-pijl-vectorillustratie-vlakke-stijl-geisoleerd-op-wit-humorouse-cursor-teken_570429-28710.jpg&f=1&nofb=1&ipt=15fc09a797b0d735a0fdd04a0cdd8faa0e4e6f863da972d7e45e8ff40eac894e","width":350,"height":200},"classes":[]},{"id":1203,"url":"http:\/\/blog.bosgroeplochem.nl\/?page_id=1203","url_meta":{"origin":552,"position":3},"title":"Fotopagina Bosgroep","author":"BosgroepLochem","date":"14 augustus 2019","format":false,"excerpt":"Dit is de fotopagina van de Bosgroep Lochem .... Op verzoek \u00e9n uit veiligheidsoverwegingen is besloten de oude fotopagina te wissen van ons blog. Ook de oude website is inmiddels volledig offline. Op de website van sommige kranten zijn er nog wel foto's te vinden. Voor de leden: even een\u2026","rel":"","context":"Soortgelijk bericht","block_context":{"text":"Soortgelijk bericht","link":""},"img":{"alt_text":"","src":"https:\/\/i0.wp.com\/blog.bosgroeplochem.nl\/wp-content\/uploads\/2025\/11\/Scherm%C2%ADafbeelding-2025-11-17-om-16.04.59-300x273.png?resize=350%2C200","width":350,"height":200},"classes":[]},{"id":911,"url":"http:\/\/blog.bosgroeplochem.nl\/?page_id=911","url_meta":{"origin":552,"position":4},"title":"11 tips om &#8217;s avonds veilig te lopen","author":"BosgroepLochem","date":"1 oktober 2018","format":false,"excerpt":"De dagen worden korter, 11 voorzorgsmaatregelen om veilig te lopen in het donker. Laat iemand weten dat je gaat lopen. Vertel (of schrijf) waar je heen gaat en hoe lang je weg wilt blijven. Neem identificatie mee Denk daarbij niet alleen aan een identificatiebewijs, maar bijvoorbeeld ook aan een Safe-ID\u2026","rel":"","context":"Soortgelijk bericht","block_context":{"text":"Soortgelijk bericht","link":""},"img":{"alt_text":"","src":"","width":0,"height":0},"classes":[]},{"id":900,"url":"http:\/\/blog.bosgroeplochem.nl\/?page_id=900","url_meta":{"origin":552,"position":5},"title":"Waarom hardlopers \u2019s nachts wakker liggen","author":"BosgroepLochem","date":"1 oktober 2018","format":false,"excerpt":"Zit je uitgeput achter je bureau? Overkomt iedereen wel eens, maar wat als dit dagelijks gebeurt? Lopers zijn goede slapers Waarschijnlijk ben je zo moe, omdat je afgelopen nacht niet kon slapen. Je was zeker te uitgerust van het weekend. Toch? Goede slapers Lopers zijn echter over het algemeen goede\u2026","rel":"","context":"Soortgelijk bericht","block_context":{"text":"Soortgelijk bericht","link":""},"img":{"alt_text":"","src":"","width":0,"height":0},"classes":[]}],"_links":{"self":[{"href":"http:\/\/blog.bosgroeplochem.nl\/index.php?rest_route=\/wp\/v2\/pages\/552","targetHints":{"allow":["GET"]}}],"collection":[{"href":"http:\/\/blog.bosgroeplochem.nl\/index.php?rest_route=\/wp\/v2\/pages"}],"about":[{"href":"http:\/\/blog.bosgroeplochem.nl\/index.php?rest_route=\/wp\/v2\/types\/page"}],"author":[{"embeddable":true,"href":"http:\/\/blog.bosgroeplochem.nl\/index.php?rest_route=\/wp\/v2\/users\/1"}],"replies":[{"embeddable":true,"href":"http:\/\/blog.bosgroeplochem.nl\/index.php?rest_route=%2Fwp%2Fv2%2Fcomments&post=552"}],"version-history":[{"count":119,"href":"http:\/\/blog.bosgroeplochem.nl\/index.php?rest_route=\/wp\/v2\/pages\/552\/revisions"}],"predecessor-version":[{"id":3181,"href":"http:\/\/blog.bosgroeplochem.nl\/index.php?rest_route=\/wp\/v2\/pages\/552\/revisions\/3181"}],"wp:attachment":[{"href":"http:\/\/blog.bosgroeplochem.nl\/index.php?rest_route=%2Fwp%2Fv2%2Fmedia&parent=552"}],"curies":[{"name":"wp","href":"https:\/\/api.w.org\/{rel}","templated":true}]}}